{"id":440,"date":"2019-07-25T15:35:47","date_gmt":"2019-07-25T13:35:47","guid":{"rendered":"https:\/\/www.bau-3e.eu\/estimation-immobiliere-lyon\/"},"modified":"2024-01-18T13:46:48","modified_gmt":"2024-01-18T12:46:48","slug":"immobilienschaetzung-lyon","status":"publish","type":"page","link":"https:\/\/www.bau-3e.eu\/de\/immobilienschaetzung-lyon\/","title":{"rendered":"Immobiliensch\u00e4tzung"},"content":{"rendered":"","protected":false},"excerpt":{"rendered":"","protected":false},"author":3,"featured_media":0,"parent":0,"menu_order":0,"comment_status":"closed","ping_status":"closed","template":"","meta":{"footnotes":""},"yoast_head":"<!-- This site is optimized with the Yoast SEO plugin v21.8 - https:\/\/yoast.com\/wordpress\/plugins\/seo\/ -->\n<title>Immobiliensch\u00e4tzung Lyon | BAU 3E (Auvergne-Rh\u00f4ne-Alpes) begleitet Sie !<\/title>\n<meta name=\"description\" content=\"Das B\u00fcro BAU 3E in Lyon kann eine Sch\u00e4tzung vornehmen : Marktwert, Immobilien, Grundst\u00fccke, Miet- \/ Immobilien oder Gewerbeimmobilien.\" \/>\n<meta name=\"robots\" content=\"index, follow, max-snippet:-1, max-image-preview:large, max-video-preview:-1\" \/>\n<link rel=\"canonical\" href=\"https:\/\/www.bau-3e.eu\/de\/immobilienschaetzung-lyon\/\" \/>\n<meta property=\"og:locale\" content=\"de_DE\" \/>\n<meta property=\"og:type\" content=\"article\" \/>\n<meta property=\"og:title\" content=\"Immobiliensch\u00e4tzung Lyon | BAU 3E (Auvergne-Rh\u00f4ne-Alpes) begleitet Sie !\" \/>\n<meta property=\"og:description\" content=\"Das B\u00fcro BAU 3E in Lyon kann eine Sch\u00e4tzung vornehmen : Marktwert, Immobilien, Grundst\u00fccke, Miet- \/ Immobilien oder Gewerbeimmobilien.\" \/>\n<meta property=\"og:url\" content=\"https:\/\/www.bau-3e.eu\/de\/immobilienschaetzung-lyon\/\" \/>\n<meta property=\"og:site_name\" content=\"BAU 3E\" \/>\n<meta property=\"article:modified_time\" content=\"2024-01-18T12:46:48+00:00\" \/>\n<meta name=\"twitter:card\" content=\"summary_large_image\" \/>\n<script type=\"application\/ld+json\" class=\"yoast-schema-graph\">{\"@context\":\"https:\/\/schema.org\",\"@graph\":[{\"@type\":\"WebPage\",\"@id\":\"https:\/\/www.bau-3e.eu\/de\/immobilienschaetzung-lyon\/\",\"url\":\"https:\/\/www.bau-3e.eu\/de\/immobilienschaetzung-lyon\/\",\"name\":\"Immobiliensch\u00e4tzung Lyon | BAU 3E (Auvergne-Rh\u00f4ne-Alpes) begleitet Sie !\",\"isPartOf\":{\"@id\":\"https:\/\/www.bau-3e.eu\/#website\"},\"datePublished\":\"2019-07-25T13:35:47+00:00\",\"dateModified\":\"2024-01-18T12:46:48+00:00\",\"description\":\"Das B\u00fcro BAU 3E in Lyon kann eine Sch\u00e4tzung vornehmen : Marktwert, Immobilien, Grundst\u00fccke, Miet- \/ Immobilien oder Gewerbeimmobilien.\",\"breadcrumb\":{\"@id\":\"https:\/\/www.bau-3e.eu\/de\/immobilienschaetzung-lyon\/#breadcrumb\"},\"inLanguage\":\"de\",\"potentialAction\":[{\"@type\":\"ReadAction\",\"target\":[\"https:\/\/www.bau-3e.eu\/de\/immobilienschaetzung-lyon\/\"]}]},{\"@type\":\"BreadcrumbList\",\"@id\":\"https:\/\/www.bau-3e.eu\/de\/immobilienschaetzung-lyon\/#breadcrumb\",\"itemListElement\":[{\"@type\":\"ListItem\",\"position\":1,\"name\":\"Home\",\"item\":\"https:\/\/www.bau-3e.eu\/de\/\"},{\"@type\":\"ListItem\",\"position\":2,\"name\":\"Immobiliensch\u00e4tzung\"}]},{\"@type\":\"WebSite\",\"@id\":\"https:\/\/www.bau-3e.eu\/#website\",\"url\":\"https:\/\/www.bau-3e.eu\/\",\"name\":\"BAU 3E\",\"description\":\"expertise \u2022 \u00e9conomie \u2022 estimation\",\"potentialAction\":[{\"@type\":\"SearchAction\",\"target\":{\"@type\":\"EntryPoint\",\"urlTemplate\":\"https:\/\/www.bau-3e.eu\/?s={search_term_string}\"},\"query-input\":\"required name=search_term_string\"}],\"inLanguage\":\"de\"}]}<\/script>\n<!-- \/ Yoast SEO plugin. -->","yoast_head_json":{"title":"Immobiliensch\u00e4tzung Lyon | BAU 3E (Auvergne-Rh\u00f4ne-Alpes) begleitet Sie !","description":"Das B\u00fcro BAU 3E in Lyon kann eine Sch\u00e4tzung vornehmen : Marktwert, Immobilien, Grundst\u00fccke, Miet- \/ Immobilien oder Gewerbeimmobilien.","robots":{"index":"index","follow":"follow","max-snippet":"max-snippet:-1","max-image-preview":"max-image-preview:large","max-video-preview":"max-video-preview:-1"},"canonical":"https:\/\/www.bau-3e.eu\/de\/immobilienschaetzung-lyon\/","og_locale":"de_DE","og_type":"article","og_title":"Immobiliensch\u00e4tzung Lyon | BAU 3E (Auvergne-Rh\u00f4ne-Alpes) begleitet Sie !","og_description":"Das B\u00fcro BAU 3E in Lyon kann eine Sch\u00e4tzung vornehmen : Marktwert, Immobilien, Grundst\u00fccke, Miet- \/ Immobilien oder Gewerbeimmobilien.","og_url":"https:\/\/www.bau-3e.eu\/de\/immobilienschaetzung-lyon\/","og_site_name":"BAU 3E","article_modified_time":"2024-01-18T12:46:48+00:00","twitter_card":"summary_large_image","schema":{"@context":"https:\/\/schema.org","@graph":[{"@type":"WebPage","@id":"https:\/\/www.bau-3e.eu\/de\/immobilienschaetzung-lyon\/","url":"https:\/\/www.bau-3e.eu\/de\/immobilienschaetzung-lyon\/","name":"Immobiliensch\u00e4tzung Lyon | BAU 3E (Auvergne-Rh\u00f4ne-Alpes) begleitet Sie !","isPartOf":{"@id":"https:\/\/www.bau-3e.eu\/#website"},"datePublished":"2019-07-25T13:35:47+00:00","dateModified":"2024-01-18T12:46:48+00:00","description":"Das B\u00fcro BAU 3E in Lyon kann eine Sch\u00e4tzung vornehmen : Marktwert, Immobilien, Grundst\u00fccke, Miet- \/ Immobilien oder Gewerbeimmobilien.","breadcrumb":{"@id":"https:\/\/www.bau-3e.eu\/de\/immobilienschaetzung-lyon\/#breadcrumb"},"inLanguage":"de","potentialAction":[{"@type":"ReadAction","target":["https:\/\/www.bau-3e.eu\/de\/immobilienschaetzung-lyon\/"]}]},{"@type":"BreadcrumbList","@id":"https:\/\/www.bau-3e.eu\/de\/immobilienschaetzung-lyon\/#breadcrumb","itemListElement":[{"@type":"ListItem","position":1,"name":"Home","item":"https:\/\/www.bau-3e.eu\/de\/"},{"@type":"ListItem","position":2,"name":"Immobiliensch\u00e4tzung"}]},{"@type":"WebSite","@id":"https:\/\/www.bau-3e.eu\/#website","url":"https:\/\/www.bau-3e.eu\/","name":"BAU 3E","description":"expertise \u2022 \u00e9conomie \u2022 estimation","potentialAction":[{"@type":"SearchAction","target":{"@type":"EntryPoint","urlTemplate":"https:\/\/www.bau-3e.eu\/?s={search_term_string}"},"query-input":"required name=search_term_string"}],"inLanguage":"de"}]}},"_links":{"self":[{"href":"https:\/\/www.bau-3e.eu\/de\/wp-json\/wp\/v2\/pages\/440"}],"collection":[{"href":"https:\/\/www.bau-3e.eu\/de\/wp-json\/wp\/v2\/pages"}],"about":[{"href":"https:\/\/www.bau-3e.eu\/de\/wp-json\/wp\/v2\/types\/page"}],"author":[{"embeddable":true,"href":"https:\/\/www.bau-3e.eu\/de\/wp-json\/wp\/v2\/users\/3"}],"replies":[{"embeddable":true,"href":"https:\/\/www.bau-3e.eu\/de\/wp-json\/wp\/v2\/comments?post=440"}],"version-history":[{"count":1,"href":"https:\/\/www.bau-3e.eu\/de\/wp-json\/wp\/v2\/pages\/440\/revisions"}],"predecessor-version":[{"id":442,"href":"https:\/\/www.bau-3e.eu\/de\/wp-json\/wp\/v2\/pages\/440\/revisions\/442"}],"wp:attachment":[{"href":"https:\/\/www.bau-3e.eu\/de\/wp-json\/wp\/v2\/media?parent=440"}],"curies":[{"name":"wp","href":"https:\/\/api.w.org\/{rel}","templated":true}]}}