{"id":432,"date":"2019-07-25T16:11:44","date_gmt":"2019-07-25T14:11:44","guid":{"rendered":"https:\/\/www.bau-3e.eu\/expertise-batiment-lyon\/"},"modified":"2024-01-18T13:48:24","modified_gmt":"2024-01-18T12:48:24","slug":"bauexpertise-lyon","status":"publish","type":"page","link":"https:\/\/www.bau-3e.eu\/de\/bauexpertise-lyon\/","title":{"rendered":"Bauexpertise"},"content":{"rendered":"","protected":false},"excerpt":{"rendered":"","protected":false},"author":3,"featured_media":0,"parent":0,"menu_order":0,"comment_status":"closed","ping_status":"closed","template":"","meta":{"footnotes":""},"yoast_head":"<!-- This site is optimized with the Yoast SEO plugin v21.8 - https:\/\/yoast.com\/wordpress\/plugins\/seo\/ -->\n<title>Technische Expertise Lyon : Riss, Wasserschaden, Sachschaden ? | BAU 3E (Auvergne-Rh\u00f4ne-Alpes)<\/title>\n<meta name=\"description\" content=\"Riss \/ Wasserschaden, Sachschaden in ihrem Wohngeba\u00fcde, ihrem Haus, oder ihrer Wohnung? BAU 3E realisiert die Untersuchung Ihres Geb\u00e4udes in Lyon und in der Gegend Auvergne-Rh\u00f4ne-Alpes.\" \/>\n<meta name=\"robots\" content=\"index, follow, max-snippet:-1, max-image-preview:large, max-video-preview:-1\" \/>\n<link rel=\"canonical\" href=\"https:\/\/www.bau-3e.eu\/de\/bauexpertise-lyon\/\" \/>\n<meta property=\"og:locale\" content=\"de_DE\" \/>\n<meta property=\"og:type\" content=\"article\" \/>\n<meta property=\"og:title\" content=\"Technische Expertise Lyon : Riss, Wasserschaden, Sachschaden ? | BAU 3E (Auvergne-Rh\u00f4ne-Alpes)\" \/>\n<meta property=\"og:description\" content=\"Riss \/ Wasserschaden, Sachschaden in ihrem Wohngeba\u00fcde, ihrem Haus, oder ihrer Wohnung? BAU 3E realisiert die Untersuchung Ihres Geb\u00e4udes in Lyon und in der Gegend Auvergne-Rh\u00f4ne-Alpes.\" \/>\n<meta property=\"og:url\" content=\"https:\/\/www.bau-3e.eu\/de\/bauexpertise-lyon\/\" \/>\n<meta property=\"og:site_name\" content=\"BAU 3E\" \/>\n<meta property=\"article:modified_time\" content=\"2024-01-18T12:48:24+00:00\" \/>\n<meta name=\"twitter:card\" content=\"summary_large_image\" \/>\n<script type=\"application\/ld+json\" class=\"yoast-schema-graph\">{\"@context\":\"https:\/\/schema.org\",\"@graph\":[{\"@type\":\"WebPage\",\"@id\":\"https:\/\/www.bau-3e.eu\/de\/bauexpertise-lyon\/\",\"url\":\"https:\/\/www.bau-3e.eu\/de\/bauexpertise-lyon\/\",\"name\":\"Technische Expertise Lyon : Riss, Wasserschaden, Sachschaden ? | BAU 3E (Auvergne-Rh\u00f4ne-Alpes)\",\"isPartOf\":{\"@id\":\"https:\/\/www.bau-3e.eu\/#website\"},\"datePublished\":\"2019-07-25T14:11:44+00:00\",\"dateModified\":\"2024-01-18T12:48:24+00:00\",\"description\":\"Riss \/ Wasserschaden, Sachschaden in ihrem Wohngeba\u00fcde, ihrem Haus, oder ihrer Wohnung? BAU 3E realisiert die Untersuchung Ihres Geb\u00e4udes in Lyon und in der Gegend Auvergne-Rh\u00f4ne-Alpes.\",\"breadcrumb\":{\"@id\":\"https:\/\/www.bau-3e.eu\/de\/bauexpertise-lyon\/#breadcrumb\"},\"inLanguage\":\"de\",\"potentialAction\":[{\"@type\":\"ReadAction\",\"target\":[\"https:\/\/www.bau-3e.eu\/de\/bauexpertise-lyon\/\"]}]},{\"@type\":\"BreadcrumbList\",\"@id\":\"https:\/\/www.bau-3e.eu\/de\/bauexpertise-lyon\/#breadcrumb\",\"itemListElement\":[{\"@type\":\"ListItem\",\"position\":1,\"name\":\"Home\",\"item\":\"https:\/\/www.bau-3e.eu\/de\/\"},{\"@type\":\"ListItem\",\"position\":2,\"name\":\"Bauexpertise\"}]},{\"@type\":\"WebSite\",\"@id\":\"https:\/\/www.bau-3e.eu\/#website\",\"url\":\"https:\/\/www.bau-3e.eu\/\",\"name\":\"BAU 3E\",\"description\":\"expertise \u2022 \u00e9conomie \u2022 estimation\",\"potentialAction\":[{\"@type\":\"SearchAction\",\"target\":{\"@type\":\"EntryPoint\",\"urlTemplate\":\"https:\/\/www.bau-3e.eu\/?s={search_term_string}\"},\"query-input\":\"required name=search_term_string\"}],\"inLanguage\":\"de\"}]}<\/script>\n<!-- \/ Yoast SEO plugin. -->","yoast_head_json":{"title":"Technische Expertise Lyon : Riss, Wasserschaden, Sachschaden ? | BAU 3E (Auvergne-Rh\u00f4ne-Alpes)","description":"Riss \/ Wasserschaden, Sachschaden in ihrem Wohngeba\u00fcde, ihrem Haus, oder ihrer Wohnung? BAU 3E realisiert die Untersuchung Ihres Geb\u00e4udes in Lyon und in der Gegend Auvergne-Rh\u00f4ne-Alpes.","robots":{"index":"index","follow":"follow","max-snippet":"max-snippet:-1","max-image-preview":"max-image-preview:large","max-video-preview":"max-video-preview:-1"},"canonical":"https:\/\/www.bau-3e.eu\/de\/bauexpertise-lyon\/","og_locale":"de_DE","og_type":"article","og_title":"Technische Expertise Lyon : Riss, Wasserschaden, Sachschaden ? | BAU 3E (Auvergne-Rh\u00f4ne-Alpes)","og_description":"Riss \/ Wasserschaden, Sachschaden in ihrem Wohngeba\u00fcde, ihrem Haus, oder ihrer Wohnung? BAU 3E realisiert die Untersuchung Ihres Geb\u00e4udes in Lyon und in der Gegend Auvergne-Rh\u00f4ne-Alpes.","og_url":"https:\/\/www.bau-3e.eu\/de\/bauexpertise-lyon\/","og_site_name":"BAU 3E","article_modified_time":"2024-01-18T12:48:24+00:00","twitter_card":"summary_large_image","schema":{"@context":"https:\/\/schema.org","@graph":[{"@type":"WebPage","@id":"https:\/\/www.bau-3e.eu\/de\/bauexpertise-lyon\/","url":"https:\/\/www.bau-3e.eu\/de\/bauexpertise-lyon\/","name":"Technische Expertise Lyon : Riss, Wasserschaden, Sachschaden ? | BAU 3E (Auvergne-Rh\u00f4ne-Alpes)","isPartOf":{"@id":"https:\/\/www.bau-3e.eu\/#website"},"datePublished":"2019-07-25T14:11:44+00:00","dateModified":"2024-01-18T12:48:24+00:00","description":"Riss \/ Wasserschaden, Sachschaden in ihrem Wohngeba\u00fcde, ihrem Haus, oder ihrer Wohnung? BAU 3E realisiert die Untersuchung Ihres Geb\u00e4udes in Lyon und in der Gegend Auvergne-Rh\u00f4ne-Alpes.","breadcrumb":{"@id":"https:\/\/www.bau-3e.eu\/de\/bauexpertise-lyon\/#breadcrumb"},"inLanguage":"de","potentialAction":[{"@type":"ReadAction","target":["https:\/\/www.bau-3e.eu\/de\/bauexpertise-lyon\/"]}]},{"@type":"BreadcrumbList","@id":"https:\/\/www.bau-3e.eu\/de\/bauexpertise-lyon\/#breadcrumb","itemListElement":[{"@type":"ListItem","position":1,"name":"Home","item":"https:\/\/www.bau-3e.eu\/de\/"},{"@type":"ListItem","position":2,"name":"Bauexpertise"}]},{"@type":"WebSite","@id":"https:\/\/www.bau-3e.eu\/#website","url":"https:\/\/www.bau-3e.eu\/","name":"BAU 3E","description":"expertise \u2022 \u00e9conomie \u2022 estimation","potentialAction":[{"@type":"SearchAction","target":{"@type":"EntryPoint","urlTemplate":"https:\/\/www.bau-3e.eu\/?s={search_term_string}"},"query-input":"required name=search_term_string"}],"inLanguage":"de"}]}},"_links":{"self":[{"href":"https:\/\/www.bau-3e.eu\/de\/wp-json\/wp\/v2\/pages\/432"}],"collection":[{"href":"https:\/\/www.bau-3e.eu\/de\/wp-json\/wp\/v2\/pages"}],"about":[{"href":"https:\/\/www.bau-3e.eu\/de\/wp-json\/wp\/v2\/types\/page"}],"author":[{"embeddable":true,"href":"https:\/\/www.bau-3e.eu\/de\/wp-json\/wp\/v2\/users\/3"}],"replies":[{"embeddable":true,"href":"https:\/\/www.bau-3e.eu\/de\/wp-json\/wp\/v2\/comments?post=432"}],"version-history":[{"count":1,"href":"https:\/\/www.bau-3e.eu\/de\/wp-json\/wp\/v2\/pages\/432\/revisions"}],"predecessor-version":[{"id":434,"href":"https:\/\/www.bau-3e.eu\/de\/wp-json\/wp\/v2\/pages\/432\/revisions\/434"}],"wp:attachment":[{"href":"https:\/\/www.bau-3e.eu\/de\/wp-json\/wp\/v2\/media?parent=432"}],"curies":[{"name":"wp","href":"https:\/\/api.w.org\/{rel}","templated":true}]}}